{"id":676,"date":"2019-04-01T13:30:04","date_gmt":"2019-04-01T11:30:04","guid":{"rendered":"http:\/\/www.escayolasdesangines.com\/web\/?page_id=676"},"modified":"2021-06-25T11:34:26","modified_gmt":"2021-06-25T09:34:26","slug":"promocion","status":"publish","type":"page","link":"http:\/\/www.escayolasdesangines.com\/web\/promocion\/","title":{"rendered":"Delegaci\u00f3n de Cartagena"},"content":{"rendered":"<p>[vc_row full_width=&#8221;stretch_row_content_no_spaces&#8221;][vc_column]<div id='wrap_map_69e35c47c95db' class='porto-map-wrapper porto-adjust-bottom-margin ' style='height:400px;'><div id='map_69e35c47c95db' data-map_override='0' class='porto_google_map wpb_content_element ' style='width:100%;height:400px;'><\/div><\/div><script>\n(function($) {\n\t'use strict';\n\tjQuery(document).ready(function($) {\n\t\tif (typeof google == 'undefined') {\n\t\t\treturn;\n\t\t}\n\t\tvar map_map_69e35c47c95db = null;\n\t\tvar coordinate_map_69e35c47c95db;\n\t\ttry {\n\t\t\tcoordinate_map_69e35c47c95db=new google.maps.LatLng(37.668898, -1.016925);\n\t\t\tvar isDraggable = $(document).width() > 640 ? true : true;\n\t\t\tvar mapOptions = {\n\t\t\t\tzoom: 16,\n\t\t\t\tcenter: coordinate_map_69e35c47c95db,\n\t\t\t\tscaleControl: true,\n\t\t\t\tstreetViewControl: true,\n\t\t\t\tmapTypeControl: true,\n\t\t\t\tpanControl: false,\n\t\t\t\tzoomControl: true,\n\t\t\t\tscrollwheel: false,\n\t\t\t\tdraggable: isDraggable,\n\t\t\t\tzoomControlOptions: {\n\t\t\t\t\tposition: google.maps.ControlPosition.RIGHT_BOTTOM\n\t\t\t\t},mapTypeId: google.maps.MapTypeId.ROADMAP,};var map_map_69e35c47c95db = new google.maps.Map(document.getElementById('map_69e35c47c95db'),mapOptions);\n\t\t\t\t\tvar x = 'off';\n\t\t\t\t\tvar marker_map_69e35c47c95db = new google.maps.Marker({\n\t\t\t\t\tposition: new google.maps.LatLng(37.668898, -1.016925),\n\t\t\t\t\tanimation:  google.maps.Animation.DROP,\n\t\t\t\t\tmap: map_map_69e35c47c95db,\n\t\t\t\t\ticon: ''\n\t\t\t\t});\n\t\t\t\tgoogle.maps.event.addListener(marker_map_69e35c47c95db, 'click', toggleBounce);var infowindow = new google.maps.InfoWindow();\n\t\t\t\t\t\tinfowindow.setContent('<div class=\"map_info_text\" style=\\'color:#000;\\'>Pasaje las Carrascas, 29,<\/p> <p>CP: 30319<\/p> <p>Cartagena, Murcia<\/div>');infowindow.open(map_map_69e35c47c95db,marker_map_69e35c47c95db);google.maps.event.addListener(marker_map_69e35c47c95db, 'click', function() {\n\t\t\t\t\t\t\tinfowindow.open(map_map_69e35c47c95db,marker_map_69e35c47c95db);\n\t\t\t\t\t\t});}\n\t\tcatch(e){};\n\t\tgoogle.maps.event.trigger(map_map_69e35c47c95db, 'resize');\n\t\t$(window).resize(function(){\n\t\t\tgoogle.maps.event.trigger(map_map_69e35c47c95db, 'resize');\n\t\t\tif(map_map_69e35c47c95db!=null) {\n\t\t\t\tmap_map_69e35c47c95db.setCenter(coordinate_map_69e35c47c95db);\n\t\t\t}\n\t\t});\n\t\t$('.ui-tabs').bind('tabsactivate', function(event, ui) {\n\t\t   if($(this).find('.porto-map-wrapper').length > 0)\n\t\t\t{\n\t\t\t\tsetTimeout(function(){\n\t\t\t\t\t$(window).trigger('resize');\n\t\t\t\t},200);\n\t\t\t}\n\t\t});\n\t\t$('.ui-accordion').bind('accordionactivate', function(event, ui) {\n\t\t\tif($(this).find('.porto-map-wrapper').length > 0) {\n\t\t\t\tsetTimeout(function(){\n\t\t\t\t\t$(window).trigger('resize');\n\t\t\t\t},200);\n\t\t\t}\n\t\t});\n\t\t$(window).load(function() {\n\t\t\tsetTimeout(function() {\n\t\t\t\t$(window).trigger('resize');\n\t\t\t},200);\n\t\t});\n\t\t$(document).on('onPortoModalPopupOpen', function(){\n\t\t\tif($(map_map_69e35c47c95db).parents('.porto_modal-content')) {\n\t\t\t\tsetTimeout(function(){\n\t\t\t\t\t$(window).trigger('resize');\n\t\t\t\t},200);\n\t\t\t}\n\t\t});\n\t\tfunction toggleBounce() {\n\t\t\tif (marker_map_69e35c47c95db.getAnimation() != null) {\n\t\t\t\tmarker_map_69e35c47c95db.setAnimation(null);\n\t\t\t} else {\n\t\t\t\tmarker_map_69e35c47c95db.setAnimation(google.maps.Animation.BOUNCE);\n\t\t\t}\n\t\t}\n\t});\n})(jQuery);\n<\/script>[\/vc_column][\/vc_row][vc_row full_width=&#8221;stretch_row_content_no_spaces&#8221;][vc_column][vc_single_image image=&#8221;823&#8243; img_size=&#8221;full&#8221; alignment=&#8221;center&#8221; style=&#8221;vc_box_rounded&#8221;][\/vc_column][\/vc_row][vc_row][vc_column width=&#8221;1\/2&#8243;][vc_separator][vc_custom_heading text=&#8221;Formulario de <strong>Contacto<\/strong>&#8221; use_theme_fonts=&#8221;yes&#8221; skin=&#8221;primary&#8221; el_class=&#8221;m-t&#8221;]<div role=\"form\" class=\"wpcf7\" id=\"wpcf7-f839-o1\" lang=\"es-ES\" dir=\"ltr\">\n<div class=\"screen-reader-response\"><\/div>\n<form action=\"\/web\/wp-json\/wp\/v2\/pages\/676#wpcf7-f839-o1\" method=\"post\" class=\"wpcf7-form\" novalidate=\"novalidate\">\n<div style=\"display: none;\">\n<input type=\"hidden\" name=\"_wpcf7\" value=\"839\" \/>\n<input type=\"hidden\" name=\"_wpcf7_version\" value=\"5.1.1\" \/>\n<input type=\"hidden\" name=\"_wpcf7_locale\" value=\"es_ES\" \/>\n<input type=\"hidden\" name=\"_wpcf7_unit_tag\" value=\"wpcf7-f839-o1\" \/>\n<input type=\"hidden\" name=\"_wpcf7_container_post\" value=\"0\" \/>\n<input type=\"hidden\" name=\"g-recaptcha-response\" value=\"\" \/>\n<\/div>\n<p><label> Nombre (requerido)<br \/>\n    <span class=\"wpcf7-form-control-wrap your-name\"><input type=\"text\" name=\"your-name\" value=\"\" size=\"40\" class=\"wpcf7-form-control wpcf7-text wpcf7-validates-as-required\" aria-required=\"true\" aria-invalid=\"false\" \/><\/span> <\/label><\/p>\n<p><label> Correo electr\u00f3nico (requerido)<br \/>\n    <span class=\"wpcf7-form-control-wrap your-email\"><input type=\"email\" name=\"your-email\" value=\"\" size=\"40\" class=\"wpcf7-form-control wpcf7-text wpcf7-email wpcf7-validates-as-required wpcf7-validates-as-email\" aria-required=\"true\" aria-invalid=\"false\" \/><\/span> <\/label><\/p>\n<p><label> Asunto<br \/>\n    <span class=\"wpcf7-form-control-wrap your-subject\"><input type=\"text\" name=\"your-subject\" value=\"\" size=\"40\" class=\"wpcf7-form-control wpcf7-text\" aria-invalid=\"false\" \/><\/span> <\/label><\/p>\n<p><label> Mensaje<br \/>\n    <span class=\"wpcf7-form-control-wrap your-message\"><textarea name=\"your-message\" cols=\"40\" rows=\"10\" class=\"wpcf7-form-control wpcf7-textarea\" aria-invalid=\"false\"><\/textarea><\/span> <\/label><\/p>\n<p><input type=\"submit\" value=\"Enviar\" class=\"wpcf7-form-control wpcf7-submit\" \/><\/p>\n<div class=\"wpcf7-response-output wpcf7-display-none\"><\/div><\/form><\/div>[\/vc_column][vc_column width=&#8221;1\/2&#8243;][vc_separator][vc_custom_heading text=&#8221;Mantente en <strong>Contacto<\/strong>&#8221; font_container=&#8221;tag:h4|text_align:left&#8221; use_theme_fonts=&#8221;yes&#8221; skin=&#8221;primary&#8221; el_class=&#8221;m-t&#8221;][vc_column_text]Puedes contactar con nosotros a trav\u00e9s del siguiente formulario o si lo desea, ll\u00e1menos a los tel\u00e9fonos indicados.[\/vc_column_text][vc_separator][vc_custom_heading text=&#8221;Nuestra <strong>oficina<\/strong>&#8221; font_container=&#8221;tag:h4|text_align:left&#8221; use_theme_fonts=&#8221;yes&#8221; skin=&#8221;primary&#8221; el_class=&#8221;m-t&#8221;]<div class=\"porto-sicon-wrapper style_1\"><div class=\"porto-sicon-box default-icon\"><div class=\"porto-sicon-default\"><div id=\"porto-icon-22569656869e35c47c9f64\" class=\"porto-just-icon-wrapper  \"><div class=\"align-icon\" style=\"text-align:center;\">\n<div class=\"porto-icon circle \"  style=\"color:#ffffff;background:#8e0006;font-size:14px;display:inline-block;\">\n\t<i class=\"fas fa-map-marker-alt\"><\/i>\n<\/div><\/div><\/div><\/div><div class=\"porto-sicon-header\" ><h3 class=\"porto-sicon-title\" style=\"font-size:14px;color:#777777;\"><strong>Direcci\u00f3n:<\/strong> Paraje las Carrascas, 29, 30319 Cartagena (Murcia)<\/h3><\/div> <!-- header --><\/div> <!-- porto-sicon-box --><\/div><div class=\"porto-sicon-wrapper style_1\"><div class=\"porto-sicon-box default-icon\"><div class=\"porto-sicon-default\"><div id=\"porto-icon-68233014269e35c47ca220\" class=\"porto-just-icon-wrapper  \"><div class=\"align-icon\" style=\"text-align:center;\">\n<div class=\"porto-icon circle \"  style=\"color:#ffffff;background:#8e0006;font-size:14px;display:inline-block;\">\n\t<i class=\"fas fa-phone\"><\/i>\n<\/div><\/div><\/div><\/div><div class=\"porto-sicon-header\" ><h3 class=\"porto-sicon-title\" style=\"font-size:14px;color:#777777;\"><strong>Telefonos:<\/strong> 968.161.568 M\u00f3vil : 621.651.550<\/h3><\/div> <!-- header --><\/div> <!-- porto-sicon-box --><\/div><div class=\"porto-sicon-wrapper style_1\"><div class=\"porto-sicon-box default-icon\"><div class=\"porto-sicon-default\"><div id=\"porto-icon-90991163769e35c47ca48e\" class=\"porto-just-icon-wrapper  \"><div class=\"align-icon\" style=\"text-align:center;\">\n<div class=\"porto-icon circle \"  style=\"color:#ffffff;background:#8e0006;font-size:14px;display:inline-block;\">\n\t<i class=\"fas fa-envelope\"><\/i>\n<\/div><\/div><\/div><\/div><div class=\"porto-sicon-header\" ><h3 class=\"porto-sicon-title\" style=\"font-size:14px;color:#777777;\"><strong>Email:<\/strong> cartagena@escayolasdesangines.com<\/h3><\/div> <!-- header --><\/div> <!-- porto-sicon-box --><\/div>[vc_separator][vc_custom_heading text=&#8221;Nuestro <strong>Horario<\/strong>&#8221; font_container=&#8221;tag:h4|text_align:left&#8221; use_theme_fonts=&#8221;yes&#8221; skin=&#8221;primary&#8221; el_class=&#8221;m-t&#8221;]<div class=\"porto-sicon-wrapper style_1\"><div class=\"porto-sicon-box default-icon\"><div class=\"porto-sicon-default\"><div id=\"porto-icon-214684867869e35c47ca6d6\" class=\"porto-just-icon-wrapper  \"><div class=\"align-icon\" style=\"text-align:center;\">\n<div class=\"porto-icon none \"  style=\"color:#8e0006;font-size:14px;display:inline-block;\">\n\t<i class=\"fas fa-business-time\"><\/i>\n<\/div><\/div><\/div><\/div><div class=\"porto-sicon-description\" style=\"\">Nuestro horario es de: <strong>7:00<\/strong> a <strong>18:00<\/strong><br \/>\nde <strong>Lunes<\/strong> a <strong>Viernes.<\/strong><br \/>\nJulio y Agosto de: <strong>07:00<\/strong> a <strong>15:00<\/strong><br \/>\nde <strong>Lunes<\/strong> a <strong>Viernes.<\/strong><\/div> <!-- description --><\/div> <!-- porto-sicon-box --><\/div>[vc_separator][\/vc_column][\/vc_row]<\/p>\n","protected":false},"excerpt":{"rendered":"<p>[vc_row full_width=&#8221;stretch_row_content_no_spaces&#8221;][vc_column][\/vc_column][\/vc_row][vc_row full_width=&#8221;stretch_row_content_no_spaces&#8221;][vc_column][vc_single_image image=&#8221;823&#8243; img_size=&#8221;full&#8221; alignment=&#8221;center&#8221; style=&#8221;vc_box_rounded&#8221;][\/vc_column][\/vc_row][vc_row][vc_column width=&#8221;1\/2&#8243;][vc_separator][vc_custom_heading text=&#8221;Formulario de Contacto&#8221; use_theme_fonts=&#8221;yes&#8221; skin=&#8221;primary&#8221; el_class=&#8221;m-t&#8221;][\/vc_column][vc_column width=&#8221;1\/2&#8243;][vc_separator][vc_custom_heading text=&#8221;Mantente en Contacto&#8221; font_container=&#8221;tag:h4|text_align:left&#8221; use_theme_fonts=&#8221;yes&#8221; skin=&#8221;primary&#8221; el_class=&#8221;m-t&#8221;][vc_column_text]Puedes contactar con nosotros a trav\u00e9s del siguiente formulario o si lo desea, ll\u00e1menos a los tel\u00e9fonos indicados.[\/vc_column_text][vc_separator][vc_custom_heading text=&#8221;Nuestra oficina&#8221; font_container=&#8221;tag:h4|text_align:left&#8221; use_theme_fonts=&#8221;yes&#8221; skin=&#8221;primary&#8221; el_class=&#8221;m-t&#8221;][vc_separator][vc_custom_heading text=&#8221;Nuestro Horario&#8221; font_container=&#8221;tag:h4|text_align:left&#8221; use_theme_fonts=&#8221;yes&#8221; skin=&#8221;primary&#8221; el_class=&#8221;m-t&#8221;][vc_separator][\/vc_column][\/vc_row]<\/p>\n","protected":false},"author":1,"featured_media":0,"parent":0,"menu_order":0,"comment_status":"closed","ping_status":"closed","template":"","meta":[],"_links":{"self":[{"href":"http:\/\/www.escayolasdesangines.com\/web\/wp-json\/wp\/v2\/pages\/676"}],"collection":[{"href":"http:\/\/www.escayolasdesangines.com\/web\/wp-json\/wp\/v2\/pages"}],"about":[{"href":"http:\/\/www.escayolasdesangines.com\/web\/wp-json\/wp\/v2\/types\/page"}],"author":[{"embeddable":true,"href":"http:\/\/www.escayolasdesangines.com\/web\/wp-json\/wp\/v2\/users\/1"}],"replies":[{"embeddable":true,"href":"http:\/\/www.escayolasdesangines.com\/web\/wp-json\/wp\/v2\/comments?post=676"}],"version-history":[{"count":19,"href":"http:\/\/www.escayolasdesangines.com\/web\/wp-json\/wp\/v2\/pages\/676\/revisions"}],"predecessor-version":[{"id":858,"href":"http:\/\/www.escayolasdesangines.com\/web\/wp-json\/wp\/v2\/pages\/676\/revisions\/858"}],"wp:attachment":[{"href":"http:\/\/www.escayolasdesangines.com\/web\/wp-json\/wp\/v2\/media?parent=676"}],"curies":[{"name":"wp","href":"https:\/\/api.w.org\/{rel}","templated":true}]}}